{"id":28,"date":"2018-12-04T14:48:21","date_gmt":"2018-12-04T14:48:21","guid":{"rendered":"https:\/\/www.nexxoprojectmanagement.com\/?page_id=28"},"modified":"2023-12-29T13:57:34","modified_gmt":"2023-12-29T13:57:34","slug":"nosotros","status":"publish","type":"page","link":"https:\/\/www.nexxoprojectmanagement.com\/ca\/nosotros\/","title":{"rendered":"NOSALTRES"},"content":{"rendered":"<div data-elementor-type=\"wp-page\" data-elementor-id=\"28\" class=\"elementor elementor-28\" data-elementor-post-type=\"page\">\n\t\t\t\t<div class=\"elementor-element elementor-element-d791ea5 e-con-full e-flex elementor-invisible e-con e-parent\" data-id=\"d791ea5\" data-element_type=\"container\" data-settings=\"{&quot;background_background&quot;:&quot;classic&quot;,&quot;animation&quot;:&quot;fadeIn&quot;}\">\n\t\t\t\t<div class=\"elementor-element elementor-element-270590c elementor-widget elementor-widget-spacer\" data-id=\"270590c\" data-element_type=\"widget\" data-widget_type=\"spacer.default\">\n\t\t\t\t<div class=\"elementor-widget-container\">\n\t\t\t\t\t\t\t<div class=\"elementor-spacer\">\n\t\t\t<div class=\"elementor-spacer-inner\"><\/div>\n\t\t<\/div>\n\t\t\t\t\t\t<\/div>\n\t\t\t\t<\/div>\n\t\t\t\t<\/div>\n\t\t<div class=\"elementor-element elementor-element-60873df e-con-full e-flex e-con e-parent\" data-id=\"60873df\" data-element_type=\"container\">\n\t\t<div class=\"elementor-element elementor-element-d5bdf26 e-con-full animated-slow e-flex elementor-invisible e-con e-child\" data-id=\"d5bdf26\" data-element_type=\"container\" data-settings=\"{&quot;animation&quot;:&quot;fadeIn&quot;}\">\n\t\t\t\t<div class=\"elementor-element elementor-element-f506679 elementor-widget elementor-widget-heading\" data-id=\"f506679\" data-element_type=\"widget\" data-widget_type=\"heading.default\">\n\t\t\t\t<div class=\"elementor-widget-container\">\n\t\t\t\t\t<h3 class=\"elementor-heading-title elementor-size-default\">NEXXO <br>EL NOSTRE ADN<\/h3>\t\t\t\t<\/div>\n\t\t\t\t<\/div>\n\t\t\t\t<div class=\"elementor-element elementor-element-821e2cd elementor-view-default elementor-invisible elementor-widget elementor-widget-icon\" data-id=\"821e2cd\" data-element_type=\"widget\" data-settings=\"{&quot;_animation&quot;:&quot;fadeInDown&quot;}\" data-widget_type=\"icon.default\">\n\t\t\t\t<div class=\"elementor-widget-container\">\n\t\t\t\t\t\t\t<div class=\"elementor-icon-wrapper\">\n\t\t\t<div class=\"elementor-icon\">\n\t\t\t<svg xmlns=\"http:\/\/www.w3.org\/2000\/svg\" xmlns:xlink=\"http:\/\/www.w3.org\/1999\/xlink\" id=\"a\" data-name=\"Grafisme\" viewbox=\"0 0 101 43\"><defs><clippath id=\"b\"><polygon points=\"87.29 1 66.75 1 50 17.75 33.25 1 12.71 1 49.99 38.29 50 38.29 50 38.29 87.29 1\" style=\"fill: #c10e1a; stroke-width: 0px;\"><\/polygon><\/clippath><\/defs><polygon points=\"87.29 1 66.75 1 50 17.75 33.25 1 12.71 1 49.99 38.29 50 38.29 50 38.29 87.29 1\" style=\"fill: #c10e1a;\"><\/polygon><g style=\"clip-path: url(#b);\"><rect x=\"11.75\" y=\"-20.91\" width=\"76.5\" height=\"81.1\" transform=\"translate(2.81 45.32) rotate(-50)\" style=\"fill: #c10e1a; stroke-width: 0px;\"><\/rect><\/g><\/svg>\t\t\t<\/div>\n\t\t<\/div>\n\t\t\t\t\t\t<\/div>\n\t\t\t\t<\/div>\n\t\t\t\t<div class=\"elementor-element elementor-element-b4f3e59 animated-slow elementor-invisible elementor-widget elementor-widget-heading\" data-id=\"b4f3e59\" data-element_type=\"widget\" data-settings=\"{&quot;_animation&quot;:&quot;fadeIn&quot;}\" data-widget_type=\"heading.default\">\n\t\t\t\t<div class=\"elementor-widget-container\">\n\t\t\t\t\t<h2 class=\"elementor-heading-title elementor-size-default\">COST, TERMINI, QUALITAT I EFICI\u00c8NCIA EN Project Management <\/h2>\t\t\t\t<\/div>\n\t\t\t\t<\/div>\n\t\t\t\t<div class=\"elementor-element elementor-element-dcac4db elementor-invisible elementor-widget elementor-widget-text-editor\" data-id=\"dcac4db\" data-element_type=\"widget\" data-settings=\"{&quot;_animation&quot;:&quot;fadeIn&quot;,&quot;_animation_delay&quot;:500}\" data-widget_type=\"text-editor.default\">\n\t\t\t\t<div class=\"elementor-widget-container\">\n\t\t\t\t\t\t\t\t\t<p><strong>Nexxo Project Management<\/strong> neix com a somni el 2014, quan tres arquitectes t\u00e8cnics amb \u00e0mplia traject\u00f2ria en la gesti\u00f3 integral de projectes desenvolupen un concepte de gesti\u00f3 d'obra on el <em>comprom\u00eds, la transpar\u00e8ncia i la professionalitat<\/em> siguin el nexe d'uni\u00f3 que faci realitat els projectes immobiliaris dels clients.<\/p><p>\u00c9s el 2016 quan <em>Carlos L\u00f3pez de la Vieja, Eduard Cabarrocas i D\u00eddac Freixa<\/em> decideixen unir les seves apassionants traject\u00f2ries professionals al sector de la construcci\u00f3 i fer el salt per fundar la companyia que sempre han volgut liderar: <strong>Nexxo Project Management<\/strong>.<\/p><p><strong>Nexxo<\/strong> com a homenatge als valors que defensem i representem, i que s\u00f3n la base sine qua non de tots els nostres projectes: <em>Comprom\u00eds, Transpar\u00e8ncia i Professionalitat<\/em>. Acompanyem els nostres clients, defensant les vostres necessitats i inquietuds, i ajudant en la presa de decisions, participant de manera proactiva com a nexe d'uni\u00f3 entre els diversos agents participants en qualsevol projecte de construcci\u00f3. En gesti\u00f3 i direcci\u00f3 de projectes \u00e9s en all\u00f2 que som reconeguts experts, per la metodologia i la flexibilitat per adaptar-nos a cada situaci\u00f3, avalats amb <em>m\u00e9s de 150 projectes finalitzats i 20 anys d'experi\u00e8ncia<\/em> des de quatre objectius prioritaris que marquen tota la nostra estrat\u00e8gia: <strong>Cost, Termini, Qualitat i Efici\u00e8ncia<\/strong>, aportant amb la nostra gesti\u00f3 la fiabilitat del resultat final, sense desviacions en termini, cost ni qualitat.<\/p>\t\t\t\t\t\t\t\t<\/div>\n\t\t\t\t<\/div>\n\t\t\t\t<div class=\"elementor-element elementor-element-b5eda75 elementor-align-center elementor-invisible elementor-widget elementor-widget-button\" data-id=\"b5eda75\" data-element_type=\"widget\" data-settings=\"{&quot;_animation&quot;:&quot;zoomIn&quot;}\" data-widget_type=\"button.default\">\n\t\t\t\t<div class=\"elementor-widget-container\">\n\t\t\t\t\t\t\t\t\t<div class=\"elementor-button-wrapper\">\n\t\t\t\t\t<a class=\"elementor-button elementor-button-link elementor-size-sm elementor-animation-grow\" href=\"\/ca\/equipo\/\">\n\t\t\t\t\t\t<span class=\"elementor-button-content-wrapper\">\n\t\t\t\t\t\t\t\t\t<span class=\"elementor-button-text\">EQUIP<\/span>\n\t\t\t\t\t<\/span>\n\t\t\t\t\t<\/a>\n\t\t\t\t<\/div>\n\t\t\t\t\t\t\t\t<\/div>\n\t\t\t\t<\/div>\n\t\t\t\t<div class=\"elementor-element elementor-element-75c3893 elementor-invisible elementor-widget elementor-widget-image\" data-id=\"75c3893\" data-element_type=\"widget\" data-settings=\"{&quot;motion_fx_motion_fx_scrolling&quot;:&quot;yes&quot;,&quot;motion_fx_translateX_effect&quot;:&quot;yes&quot;,&quot;motion_fx_translateX_speed&quot;:{&quot;unit&quot;:&quot;px&quot;,&quot;size&quot;:1.3,&quot;sizes&quot;:[]},&quot;_animation&quot;:&quot;fadeIn&quot;,&quot;motion_fx_translateX_affectedRange&quot;:{&quot;unit&quot;:&quot;%&quot;,&quot;size&quot;:&quot;&quot;,&quot;sizes&quot;:{&quot;start&quot;:0,&quot;end&quot;:100}},&quot;motion_fx_devices&quot;:[&quot;desktop&quot;,&quot;tablet&quot;,&quot;mobile&quot;]}\" data-widget_type=\"image.default\">\n\t\t\t\t<div class=\"elementor-widget-container\">\n\t\t\t\t\t\t\t\t\t\t\t\t\t\t\t<img decoding=\"async\" width=\"1\" height=\"1\" src=\"https:\/\/www.nexxoprojectmanagement.com\/wp-content\/uploads\/2023\/12\/MAPA.svg\" class=\"attachment-large size-large wp-image-921\" alt=\"NEXXO project management gestion de proyectos de obra\" \/>\t\t\t\t\t\t\t\t\t\t\t\t\t\t\t<\/div>\n\t\t\t\t<\/div>\n\t\t\t\t<\/div>\n\t\t\t\t<\/div>\n\t\t\t\t<\/div>","protected":false},"excerpt":{"rendered":"<p>NEXXO NUESTRO ADN &nbsp; COSTE, PLAZO, CALIDAD Y EFICIENCIA EN Project Management Nexxo Project Management nace como sue\u00f1o en 2014, cuando tres arquitectos t\u00e9cnicos con amplia trayectoria en la gesti\u00f3n integral de proyectos desarrollan un concepto de gesti\u00f3n de obra donde el compromiso, la transparencia y la profesionalidad sean el nexo de uni\u00f3n que haga [&hellip;]<\/p>","protected":false},"author":1,"featured_media":0,"parent":0,"menu_order":0,"comment_status":"closed","ping_status":"closed","template":"","meta":{"_acf_changed":false,"footnotes":""},"class_list":["post-28","page","type-page","status-publish","hentry"],"acf":[],"_links":{"self":[{"href":"https:\/\/www.nexxoprojectmanagement.com\/ca\/wp-json\/wp\/v2\/pages\/28","targetHints":{"allow":["GET"]}}],"collection":[{"href":"https:\/\/www.nexxoprojectmanagement.com\/ca\/wp-json\/wp\/v2\/pages"}],"about":[{"href":"https:\/\/www.nexxoprojectmanagement.com\/ca\/wp-json\/wp\/v2\/types\/page"}],"author":[{"embeddable":true,"href":"https:\/\/www.nexxoprojectmanagement.com\/ca\/wp-json\/wp\/v2\/users\/1"}],"replies":[{"embeddable":true,"href":"https:\/\/www.nexxoprojectmanagement.com\/ca\/wp-json\/wp\/v2\/comments?post=28"}],"version-history":[{"count":22,"href":"https:\/\/www.nexxoprojectmanagement.com\/ca\/wp-json\/wp\/v2\/pages\/28\/revisions"}],"predecessor-version":[{"id":1273,"href":"https:\/\/www.nexxoprojectmanagement.com\/ca\/wp-json\/wp\/v2\/pages\/28\/revisions\/1273"}],"wp:attachment":[{"href":"https:\/\/www.nexxoprojectmanagement.com\/ca\/wp-json\/wp\/v2\/media?parent=28"}],"curies":[{"name":"wp","href":"https:\/\/api.w.org\/{rel}","templated":true}]}}