{"id":615,"date":"2019-10-11T10:33:59","date_gmt":"2019-10-11T10:33:59","guid":{"rendered":"https:\/\/www.nexxoprojectmanagement.com\/?page_id=615"},"modified":"2023-12-13T09:49:50","modified_gmt":"2023-12-13T09:49:50","slug":"politica-de-privacidad","status":"publish","type":"page","link":"https:\/\/www.nexxoprojectmanagement.com\/ca\/politica-de-privacidad\/","title":{"rendered":"Pol\u00edtica de privacitat"},"content":{"rendered":"<div data-elementor-type=\"wp-page\" data-elementor-id=\"615\" class=\"elementor elementor-615\" data-elementor-post-type=\"page\">\n\t\t\t\t<div class=\"elementor-element elementor-element-75b415f e-flex e-con-boxed e-con e-parent\" data-id=\"75b415f\" data-element_type=\"container\">\n\t\t\t\t\t<div class=\"e-con-inner\">\n\t\t\t\t<div class=\"elementor-element elementor-element-43666aa elementor-widget elementor-widget-text-editor\" data-id=\"43666aa\" data-element_type=\"widget\" data-widget_type=\"text-editor.default\">\n\t\t\t\t<div class=\"elementor-widget-container\">\n\t\t\t\t\t\t\t\t\t<div class=\"wpb_text_column wpb_content_element\"><div class=\"wpb_wrapper\"><div><h2><strong>POL\u00cdTICA DE PRIVACIDAD<\/strong><\/h2><p>NEXXO Project Management, S.L.P.M se siente especialmente sensibilizada con la protecci\u00f3n de datos de car\u00e1cter personal de los usuarios de los servicios de su sitio web. Mediante la presente Pol\u00edtica de Privacidad se informa a los usuarios de los usos a los que se someten los datos de car\u00e1cter personal que se pudieran recabar con el mismo:<\/p><\/div><\/div><\/div><div class=\"wpb_single_image wpb_content_element vc_align_center\"><figure class=\"wpb_wrapper vc_figure\"><div class=\"vc_single_image-wrapper   vc_box_border_grey\"><img fetchpriority=\"high\" decoding=\"async\" class=\"vc_single_image-img attachment-full\" title=\"NEXXO-Aviso-Legal-Tabla_Web\" src=\"https:\/\/www.nexxoprojectmanagement.com\/wp-content\/uploads\/2019\/10\/NEXXO-Aviso-Legal-Tabla_Web-1.jpg\" sizes=\"(max-width: 1800px) 100vw, 1800px\" srcset=\"https:\/\/www.nexxoprojectmanagement.com\/wp-content\/uploads\/2019\/10\/NEXXO-Aviso-Legal-Tabla_Web-1.jpg 1800w, https:\/\/www.nexxoprojectmanagement.com\/wp-content\/uploads\/2019\/10\/NEXXO-Aviso-Legal-Tabla_Web-1-300x136.jpg 300w, https:\/\/www.nexxoprojectmanagement.com\/wp-content\/uploads\/2019\/10\/NEXXO-Aviso-Legal-Tabla_Web-1-768x347.jpg 768w, https:\/\/www.nexxoprojectmanagement.com\/wp-content\/uploads\/2019\/10\/NEXXO-Aviso-Legal-Tabla_Web-1-1024x463.jpg 1024w\" alt=\"Aviso legal web.\" width=\"1800\" height=\"814\" \/><\/div><\/figure><\/div><div class=\"wpb_text_column wpb_content_element\"><div class=\"wpb_wrapper\"><div><p><strong>AVISO LEGAL<\/strong><\/p><p><strong>1. ASPECTOS GENERALES<\/strong><\/p><p><strong>1.1 DATOS IDENTIFICATIVOS DEL \u00abPRESTADOR DE SERVICIOS DE LA SOCIEDAD DE LA INFORMACI\u00d3N\u00bb<\/strong><br \/>De conformidad con el art\u00edculo 10 de la Ley 34\/2002, de Servicios de la Sociedad de la Informaci\u00f3n y Comercio Electr\u00f3nico, se pone en su conocimiento que NEXXO Project Management, S.L.P con CIF B55280044, gestiona los contenidos de del sitio web\u00a0www.nexxoprojectmanagement.com con domicilio social a estos efectos en C. Industria, 16, Planta 2 \u2013 17005 Girona (Espa\u00f1a).<br \/>NEXXO Project Management, S.L.P, est\u00e1 inscrita en el Registro Mercantil de Girona, Hoja GI-00061032, tomo 03123, folio 139, Inscripci\u00f3n 1\u00aa.<br \/>En caso de querer ponerse en contacto con nosotros, puede dirigirse al domicilio arriba indicado, as\u00ed como al Tel\u00e9fono: (+34) 972 648 867 y Correo-e:\u00a0info@nexxo.pro<\/p><p><strong>1.2 ACEPTACI\u00d3N Y VIGENCIA DE LAS CONDICIONES GENERALES Y PARTICULARES.<\/strong><br \/>La navegaci\u00f3n y uso de esta p\u00e1gina Web supone su aceptaci\u00f3n plena y sin reservas de todas y cada una de las Condiciones Generales y, en su caso, Particulares vigentes en el momento en que Ud. como Usuario acceda a la p\u00e1gina Web. NEXXO Project Management, S.L.P. se reserva el derecho a ampliar y modificar unilateralmente, en cualquier momento y sin previo aviso, la presentaci\u00f3n, configuraci\u00f3n y contenidos de la p\u00e1gina Web, as\u00ed como suspender temporalmente la presentaci\u00f3n, configuraci\u00f3n, especificaciones t\u00e9cnicas y servicios del sitio web, de la misma forma.<\/p><p>\u00a0<\/p><p><strong>2. CONDICIONES GENERALES DE USO DEL SITIO WEB<\/strong><\/p><p><strong>2.1 OBLIGACIONES DE USO<\/strong><\/p><p>Con car\u00e1cter general, el Usuario se obliga al cumplimiento de las presentes condiciones y t\u00e9rminos de uso, absteni\u00e9ndose de utilizar el presente sitio web de cualquier forma que pueda impedir, da\u00f1ar o deteriorar el normal funcionamiento del mismo, los bienes o derechos del titular (NEXXO Project Management, S.L.P.) del resto de Usuarios o, en general, de cualquier tercero. En particular, y sin que ello implique restricci\u00f3n alguna a la obligaci\u00f3n asumida por el Usuario, con car\u00e1cter general el Usuario se obliga en la utilizaci\u00f3n del presente sitio web a:<br \/>No introducir, almacenar o difundir en o desde el sitio web, cualquier informaci\u00f3n o material que fuera difamatorio, injurioso, obsceno, amenazador, xen\u00f3fobo, incite a la violencia a la discriminaci\u00f3n por raz\u00f3n de raza, sexo, ideolog\u00eda, religi\u00f3n o que de cualquier forma atente contra la moral, el orden p\u00fablico, los derechos fundamentales, las libertas p\u00fablicas, el honor, la intimidad o la imagen de terceros y, en general, que vulnere la normativa vigente espa\u00f1ola y de su pa\u00eds de residencia.<br \/>No introducir, almacenar o difundir mediante el sitio web ning\u00fan programa de ordenador, datos, virus, c\u00f3digo, o cualquier otro fichero que sea susceptible de causar da\u00f1os o cualquier tipo de alteraci\u00f3n en el sitio web, en cualquiera de los servicios, o en cualquiera de los equipos, sistemas o de NEXXO Project Management, S.L.P., o en general de cualquier tercero, que pueda impedir el normal funcionamiento de los mismos.<br \/>No destruir, alterar, utilizar para su uso, inutilizar o da\u00f1ar los datos, informaciones, programas, documentos electr\u00f3nicos, o, en general, los ficheros, de NEXXO Project Management, S.L.P.<\/p><p><strong>2.2 EXONERACI\u00d3N DE RESPONSABILIDAD<\/strong><\/p><p>NEXXO Project Management, S.L.P., no ser\u00e1 responsable:<br \/>Con car\u00e1cter general, del uso inadecuado de su sitio web.<br \/>De las alteraciones en el servicio que se produzcan por fallos en la red el\u00e9ctrica, en la red de conexi\u00f3n de datos, en el servidor o en cualesquiera prestaciones.<br \/>De actuaciones de terceros que, vulnerando las medidas de seguridad establecidas, accedan a los citados datos. NEXXO Project Management, S.L.P. adoptar\u00e1 las cautelas t\u00e9cnicas necesarias a fin de proteger los datos e informaci\u00f3n a la que se accede.<\/p><p>NEXXO Project Management, S.L.P. invierte constantemente en medios tecnol\u00f3gicos que intentan minimizar el riesgo de virus y software similar, y contenidos no autorizados en sus sistemas de informaci\u00f3n. A pesar de ello, el Usuario es consciente de que debe adoptar sus propias medidas orientadas a minimizar los da\u00f1os ocasionados por software no autorizado, virus, troyanos y cualquier clase del software denominado mal-ware, eximiendo a NEXXO Project Management, S.L.P., de toda responsabilidad que pudiese derivarse de la contenci\u00f3n de malware en los tratamientos habilitados en la presente web.<\/p><p><strong>2.3 UTILIZACI\u00d3N DE HIPERENLACES<\/strong><\/p><p>El usuario de Internet que quiera introducir enlaces desde sus propias Webs a la P\u00e1gina Web deber\u00e1 cumplir con las condiciones que se detallan a continuaci\u00f3n sin que el desconocimiento de las mismas evite las responsabilidades derivadas de la Ley.<br \/>El enlace \u00fanicamente vincular\u00e1 con la home page o p\u00e1gina principal de la p\u00e1gina Web pero no podr\u00e1 reproducirla de ninguna forma (inline links, copia de los textos, gr\u00e1ficos, etc.).<br \/>Quedar\u00e1 en todo caso prohibido, de acuerdo con la legislaci\u00f3n aplicable y vigente en cada momento, establecer frames o marcos de cualquier tipo que envuelvan a la p\u00e1gina Web o permitan la visualizaci\u00f3n de los contenidos a trav\u00e9s de direcciones de Internet distintas a las de la p\u00e1gina Web y, en cualquier caso, cuando se visualicen conjuntamente con contenidos ajenos a la P\u00e1gina Web de forma que: (I) produzca, o pueda producir, error, confusi\u00f3n o enga\u00f1o en los usuarios sobre la verdadera procedencia del servicio o Contenidos; (II) suponga un acto de comparaci\u00f3n o imitaci\u00f3n desleal; (III) sirva para aprovechar la reputaci\u00f3n de la marca y prestigio de NEXXO Project Management, S.L.P.; o (IV) de cualquier otra forma resulte prohibido por la legislaci\u00f3n vigente.<br \/>No se realizar\u00e1n desde la p\u00e1gina que introduce el enlace ning\u00fan tipo de manifestaci\u00f3n falsa, inexacta o incorrecta sobre NEXXO Project Management, S.L.P., su direcci\u00f3n, empleados, clientes o sobre la calidad de los servicios que presta.<br \/>En ning\u00fan caso, se expresar\u00e1 en la p\u00e1gina donde se ubique el enlace que NEXXO Project Management, S.L.P., ha prestado su consentimiento para la inserci\u00f3n del enlace o que de otra forma patrocina, colabora, verifica o supervisa los servicios del remitente.<br \/>Est\u00e1 prohibida la utilizaci\u00f3n de cualquier marca denominativa, gr\u00e1fica o mixta o cualquier otro signo distintivo NEXXO Project Management, S.L.P, dentro de la p\u00e1gina del remitente salvo en los casos permitidos por la ley o expresamente autorizados por NEXXO Project Management, S.L.P., y siempre que se permita, en estos casos, un enlace directo con la p\u00e1gina Web en la forma establecida en esta cl\u00e1usula.<br \/>La p\u00e1gina que establezca el enlace deber\u00e1 cumplir fielmente con la ley y no podr\u00e1 en ning\u00fan caso disponer o enlazar con contenidos propios o de terceros que: (I) sean il\u00edcitos, nocivos o contrarios a la moral y a las buenas costumbres (pornogr\u00e1ficos, violentos, racistas, etc.); (II) induzcan o puedan inducir en el Usuario la falsa concepci\u00f3n de que NEXXO Project Management, S.L.P., suscribe, respalda, se adhiere o de cualquier manera apoya, las ideas, manifestaciones o expresiones, l\u00edcitas o il\u00edcitas, del remitente; (III) resulten inapropiados o no pertinentes con la actividad de NEXXO Project Management, S.L.P., en atenci\u00f3n al lugar, contenidos y tem\u00e1tica de la p\u00e1gina Web del remitente. Igualmente, el Usuario se abstendr\u00e1 de incluir en la p\u00e1gina Web cualquier hiperenlace (en adelante, \u00ablink\u00bb) dirigido a una p\u00e1gina Web que contenga informaci\u00f3n o contenidos il\u00edcitos, contrarios a la moral y buenas costumbres generalmente aceptadas, y al orden p\u00fablico.<\/p><p><strong>2.4 PROPIEDAD INTELECTUAL E INDUSTRIAL<\/strong><\/p><p>La estructura, dise\u00f1o y forma de presentaci\u00f3n de los elementos disponibles en la presente web (gr\u00e1ficos, im\u00e1genes, fotograf\u00edas, ficheros, logotipos, combinaciones de colores y cualquier elemento susceptible de protecci\u00f3n) est\u00e1n protegidos por derechos de propiedad intelectual e industrial titularidad de NEXXO Project Management, S.L.P, o sobre los que se han obtenido los derechos de uso correspondientes (Real Decreto Legislativo 1\/1996, de 12 de abril, por el que se aprueba el Texto Refundido de la Ley de Propiedad Intelectual).<br \/>Est\u00e1 prohibida la reproducci\u00f3n, transformaci\u00f3n, distribuci\u00f3n, comunicaci\u00f3n p\u00fablica, puesta a disposici\u00f3n del p\u00fablico y, en general, cualquier otra forma de explotaci\u00f3n, parcial o total de los elementos referidos en el apartado anterior. Su publicaci\u00f3n en otras p\u00e1ginas web o en otros medios de comunicaci\u00f3n digitales o escritos requiere el consentimiento expreso del titular de la web, y, en todo caso, deber\u00e1n hacer referencia expl\u00edcita a la titularidad de los citados derechos de propiedad intelectual de NEXXO Project Management, S.L.P.<br \/>No se permite la utilizaci\u00f3n de los signos distintivos (marcas, nombres comerciales), salvo autorizaci\u00f3n expresa de los leg\u00edtimos titulares. Salvo autorizaci\u00f3n expresa de NEXXO Project Management, S.L.P., no se permite el enlace a \u201cp\u00e1ginas finales\u201d, el \u201cframe\u201d y cualquier otra manipulaci\u00f3n similar.<\/p><\/div><\/div><\/div><div class=\"wpb_text_column wpb_content_element\"><div class=\"wpb_wrapper\"><div class=\"page\" title=\"Page 15\"><div class=\"layoutArea\"><div class=\"column\"><p><strong>POL\u00cdTICA DE PRIVACIDAD REDES SOCIALES<\/strong><\/p><p>En cumplimiento de la normativa vigente y aplicable en Protecci\u00f3n de Datos de Car\u00e1cter Personal (RGPD) y la Ley 34\/2002, de 11 de julio, de Servicios de la Sociedad de la Informaci\u00f3n y de Comercio Electr\u00f3nico (LSSI-CE), NEXXO PROJECT MANAGEMENT SLP informa a los usuarios, que ha procedido a crear un perfil en las Redes Sociales Facebook, Twitter, Instagram, Pinterest, Linkedin y Google +, con la finalidad principal de publicitar sus productos y servicios.<\/p><p>Datos de NEXXO PROJECT MANAGEMENT SLP:<\/p><ul><li>\u00a0 CIF: B55280044<\/li><li>\u00a0 DIRECCI\u00d3N: C\/ INDUSTRIA 16, 2 17005, GIRONA<\/li><li>\u00a0 CORREO ELECTR\u00d3NICO: info@nexxo.pro<\/li><li>\u00a0 DOMINIO WEB: www.nexxoprojectmanagement.comEl usuario dispone de un perfil en la misma Red Social y ha decidido unirse a la p\u00e1gina creada por NEXXO PROJECT MANAGEMENT SLP, mostrando as\u00ed inter\u00e9s en la informaci\u00f3n que se publicite en la Red. Al unirse a nuestra p\u00e1gina, nos facilita su consentimiento para el tratamiento de aquellos datos personales publicados en su perfil.El usuario puede acceder en todo momento a las pol\u00edticas de privacidad de la propia Red Social, as\u00ed como configurar su perfil para garantizar su privacidad.NEXXO PROJECT MANAGEMENT SLP tiene acceso y trata aquella informaci\u00f3n p\u00fablica del usuario, en especial, su nombre de contacto. Estos datos, s\u00f3lo son utilizados dentro de la propia Red Social. No son incorporados a ning\u00fan sistema de tratamiento.<\/li><li><div class=\"page\" title=\"Page 15\"><div class=\"layoutArea\"><div class=\"column\"><ol start=\"0\"><li>En relaci\u00f3n a los derechos de acceso, rectificaci\u00f3n, limitaci\u00f3n de tratamiento, supresi\u00f3n, portabilidad y oposici\u00f3n al tratamiento de sus datos de car\u00e1cter personal de los que usted dispone y que pueden ser ejercitados ante NEXXO PROJECT MANAGEMENT SLP, de acuerdo con la RGPD, debe tener en cuenta los siguientes matices:<ul><li>\u00a0 Derecho de Acceso: Es el derecho del usuario a obtener informaci\u00f3n sobre sus datos concretos de car\u00e1cter personal y del tratamiento que se haya realizado o realice, as\u00ed como de la informaci\u00f3n disponible sobre el origen de dichos datos y las comunicaciones realizadas o previstas de los mismos.<\/li><li>\u00a0 Derecho de Rectificaci\u00f3n: Es el derecho del afectado a que se modifiquen los datos que resulten ser inexactos o incompletos. S\u00f3lo podr\u00e1 satisfacerse en relaci\u00f3n a aquella informaci\u00f3n que se encuentre bajo el control de NEXXO PROJECT MANAGEMENT SLP, por ejemplo, eliminar comentarios publicados en la propia p\u00e1gina, im\u00e1genes o contenidos web donde consten datos de car\u00e1cter personal del usuario.<\/li><li>\u00a0 Derecho a la Limitaci\u00f3n de tratamiento: Es el derecho a que se limiten los fines del tratamiento previstos de forma original por el responsable del tratamiento.<\/li><li>\u00a0 Derecho de Supresi\u00f3n: Es el derecho a suprimir los datos de car\u00e1cter personal del usuario, a excepci\u00f3n de lo previsto en el propio RGPD o en otras normativas aplicables que determinen la obligatoriedad de la conservaci\u00f3n de los mismos, en tiempo y forma.<\/li><li>\u00a0 Derecho de portabilidad: El derecho a recibir los datos personales que el usuario, haya facilitado, en un formato estructurado, de uso com\u00fan y lectura mec\u00e1nica, y a transmitirlos a otro responsable.<\/li><li><div class=\"page\" title=\"Page 16\"><div class=\"layoutArea\"><div class=\"column\"><p>Derecho de Oposici\u00f3n: Es el derecho del usuario a que no se lleve a cabo el tratamiento de sus datos de car\u00e1cter personal o se cese el tratamiento de los mismos por parte de NEXXO PROJECT MANAGEMENT SLP.<\/p><p>NEXXO PROJECT MANAGEMENT SLP realizar\u00e1 las siguientes actuaciones:<\/p><ul><li>\u00a0 Acceso a la informaci\u00f3n p\u00fablica del perfil.<\/li><li>\u00a0 Publicaci\u00f3n en el perfil del usuario de toda aquella informaci\u00f3n ya publicada en la p\u00e1gina deNEXXO PROJECT MANAGEMENT SLP.<\/li><li>\u00a0 Enviar mensajes personales e individuales a trav\u00e9s de los canales de la Red Social.<\/li><li>\u00a0 Actualizaciones del estado de la p\u00e1gina que se publicar\u00e1n en el perfil del usuario.El usuario siempre puede controlar sus conexiones, eliminar los contenidos que dejen de interesarle y restringir con qui\u00e9n comparte sus conexiones, para ello deber\u00e1 acceder a su configuraci\u00f3n de privacidad.<\/li><\/ul><\/div><\/div><\/div><p>\u00a0<\/p><\/li><\/ul><\/li><\/ol><\/div><\/div><\/div><p>\u00a0<\/p><\/li><\/ul><\/div><\/div><\/div><div class=\"page\" title=\"Page 16\"><div class=\"layoutArea\"><div class=\"column\"><ol start=\"0\"><li>PublicacionesEl usuario, una vez unido a la p\u00e1gina de NEXXO PROJECT MANAGEMENT SLP, podr\u00e1 publicar en \u00e9sta \u00faltima comentarios, enlaces, im\u00e1genes o fotograf\u00edas o cualquier otro tipo de contenido multimedia soportado por la Red Social. El usuario, en todos los casos, debe ser el titular de los mismos, gozar de los derechos de autor y de propiedad intelectual o contar con el consentimiento de los terceros afectados. Se proh\u00edbe expresamente cualquier publicaci\u00f3n en la p\u00e1gina, ya sean textos, gr\u00e1ficos, fotograf\u00edas, v\u00eddeos, etc. que atenten o sean susceptibles de atentar contra la moral, la \u00e9tica, el buen gusto o el decoro, y\/o que infrinjan, violen o quebranten los derechos de propiedad intelectual o industrial, el derecho a la imagen o la Ley. En estos casos, NEXXO PROJECT MANAGEMENT SLP se reserva el derecho a retirar de inmediato el contenido, pudiendo solicitar el bloqueo permanente del usuario.<p>NEXXO PROJECT MANAGEMENT SLP no se har\u00e1 responsable de los contenidos que libremente ha publicado un usuario.<\/p><p>El usuario debe tener presente que sus publicaciones ser\u00e1n conocidas por los otros usuarios, por lo que \u00e9l mismo es el principal responsable de su privacidad.<\/p><p>Las im\u00e1genes que puedan publicarse en la p\u00e1gina no ser\u00e1n almacenadas en ning\u00fan sistema de tratamiento por parte de NEXXO PROJECT MANAGEMENT SLP, pero s\u00ed que permanecer\u00e1n en la Red Social.<\/p><p>Concursos y promociones<\/p><p>NEXXO PROJECT MANAGEMENT SLP se reserva el derecho a realizar concursos y promociones, en los que podr\u00e1 participar el usuario unido a su p\u00e1gina. Las bases de cada uno de ellos, cuando se utilice para ello la plataforma de la Red Social, ser\u00e1n publicadas en la misma. Cumpliendo siempre con la LSSI-CE y con cualquier otra norma que le sea de aplicaci\u00f3n.<\/p><p>La Red Social no patrocina, avala ni administra, de modo alguno, ninguna de nuestras promociones, ni est\u00e1 asociada a ninguna de ellas.<\/p><div class=\"page\" title=\"Page 17\"><div class=\"layoutArea\"><div class=\"column\"><p>NEXXO PROJECT MANAGEMENT SLP utilizar\u00e1 la Red Social para publicitar sus productos y servicios, en todo caso, si decide tratar sus datos de contacto para realizar acciones directas de prospecci\u00f3n comercial, ser\u00e1 siempre, cumpliendo con las exigencias legales de la RGPD y de la LSSI-CE.<\/p><p>No se considerar\u00e1 publicidad el hecho de recomendar a otros usuarios la p\u00e1gina de NEXXO PROJECT MANAGEMENT SLP para que tambi\u00e9n ellos puedan disfrutar de las promociones o estar informados de su actividad.<\/p><p>A continuaci\u00f3n detallamos el enlace a la pol\u00edtica de privacidad de la Red Social:<\/p><ul><li>Facebook: <a href=\"https:\/\/www.facebook.com\/help\/323540651073243\/\" target=\"_blank\" rel=\"noopener\">https:\/\/www.facebook.com\/help\/323540651073243\/<\/a><\/li><li>Twitter: <a href=\"https:\/\/twitter.com\/privacy\" target=\"_blank\" rel=\"noopener\">https:\/\/twitter.com\/privacy<\/a><\/li><li>Instagram: <a href=\"http:\/\/instagram.com\/about\/legal\/privacy\/\" target=\"_blank\" rel=\"noopener\">http:\/\/instagram.com\/about\/legal\/privacy\/<\/a><\/li><li>Pinterest: <a href=\"http:\/\/es.about.pinterest.com\/terms\/\" target=\"_blank\" rel=\"noopener\">http:\/\/es.about.pinterest.com\/terms\/<\/a><\/li><li>Linkedin: <a href=\"http:\/\/www.linkedin.com\/legal\/privacy-policy?trk=hb_ft_priv\" target=\"_blank\" rel=\"noopener\">http:\/\/www.linkedin.com\/legal\/privacy-policy?trk=hb_ft_priv<\/a><\/li><li>Google +: <a href=\"http:\/\/www.google.com\/intl\/es\/policies\/privacy\/\" target=\"_blank\" rel=\"noopener\">http:\/\/www.google.com\/intl\/es\/policies\/privacy\/<\/a><\/li><\/ul><\/div><\/div><\/div><\/li><\/ol><\/div><\/div><\/div><\/div><\/div>\t\t\t\t\t\t\t\t<\/div>\n\t\t\t\t<\/div>\n\t\t\t\t\t<\/div>\n\t\t\t\t<\/div>\n\t\t\t\t<\/div>","protected":false},"excerpt":{"rendered":"<p>POL\u00cdTICA DE PRIVACIDAD NEXXO Project Management, S.L.P.M se siente especialmente sensibilizada con la protecci\u00f3n de datos de car\u00e1cter personal de los usuarios de los servicios de su sitio web. Mediante la presente Pol\u00edtica de Privacidad se informa a los usuarios de los usos a los que se someten los datos de car\u00e1cter personal que se [&hellip;]<\/p>","protected":false},"author":1,"featured_media":0,"parent":0,"menu_order":0,"comment_status":"closed","ping_status":"closed","template":"","meta":{"_acf_changed":false,"footnotes":""},"class_list":["post-615","page","type-page","status-publish","hentry"],"acf":[],"_links":{"self":[{"href":"https:\/\/www.nexxoprojectmanagement.com\/ca\/wp-json\/wp\/v2\/pages\/615","targetHints":{"allow":["GET"]}}],"collection":[{"href":"https:\/\/www.nexxoprojectmanagement.com\/ca\/wp-json\/wp\/v2\/pages"}],"about":[{"href":"https:\/\/www.nexxoprojectmanagement.com\/ca\/wp-json\/wp\/v2\/types\/page"}],"author":[{"embeddable":true,"href":"https:\/\/www.nexxoprojectmanagement.com\/ca\/wp-json\/wp\/v2\/users\/1"}],"replies":[{"embeddable":true,"href":"https:\/\/www.nexxoprojectmanagement.com\/ca\/wp-json\/wp\/v2\/comments?post=615"}],"version-history":[{"count":4,"href":"https:\/\/www.nexxoprojectmanagement.com\/ca\/wp-json\/wp\/v2\/pages\/615\/revisions"}],"predecessor-version":[{"id":1216,"href":"https:\/\/www.nexxoprojectmanagement.com\/ca\/wp-json\/wp\/v2\/pages\/615\/revisions\/1216"}],"wp:attachment":[{"href":"https:\/\/www.nexxoprojectmanagement.com\/ca\/wp-json\/wp\/v2\/media?parent=615"}],"curies":[{"name":"wp","href":"https:\/\/api.w.org\/{rel}","templated":true}]}}